{"id":119,"date":"2021-03-25T20:48:21","date_gmt":"2021-03-25T20:48:21","guid":{"rendered":"http:\/\/doradavera.de\/?page_id=119"},"modified":"2024-07-10T13:54:32","modified_gmt":"2024-07-10T13:54:32","slug":"kaufen-schmuck-wuensche","status":"publish","type":"page","link":"https:\/\/doradavera.de\/de\/kaufen-schmuck-wuensche\/","title":{"rendered":"Kaufen"},"content":{"rendered":"<h1>Kaufen<\/h1>\n<nav data-toggle-icon=\"&lt;i aria-hidden=&quot;true&quot; tabindex=&quot;0&quot; class=&quot;fas fa-align-justify&quot;&gt;&lt;\/i&gt;\" data-close-icon=\"&lt;i aria-hidden=&quot;true&quot; tabindex=&quot;0&quot; class=&quot;far fa-window-close&quot;&gt;&lt;\/i&gt;\" data-full-width=\"yes\">\n<ul id=\"menu-1-7bae683\">\n<li id=\"menu-item-43\"><a class=\"hfe-menu-item\" href=\"https:\/\/doradavera.de\/\">Schmuck<\/a>\n<ul>\n<li id=\"menu-item-247\"><a class=\"hfe-sub-menu-item\" href=\"https:\/\/doradavera.de\/sofort-erhaeltlich\/\">Shop<\/a><\/li>\n<li id=\"menu-item-245\"><a class=\"hfe-sub-menu-item\" href=\"https:\/\/doradavera.de\/ohrringe\/\">Ohrringe<\/a><\/li>\n<li id=\"menu-item-246\"><a class=\"hfe-sub-menu-item\" href=\"https:\/\/doradavera.de\/ringe\/\">Ringe<\/a><\/li>\n<li id=\"menu-item-243\"><a class=\"hfe-sub-menu-item\" href=\"https:\/\/doradavera.de\/ketten-armbaender\/\">Ketten &amp; Armb\u00e4nder<\/a><\/li>\n<li id=\"menu-item-241\"><a class=\"hfe-sub-menu-item\" href=\"https:\/\/doradavera.de\/upcycling\/\">Upcycling<\/a><\/li>\n<li id=\"menu-item-242\"><a class=\"hfe-sub-menu-item\" href=\"https:\/\/doradavera.de\/emaille\/\">Emaille<\/a><\/li>\n<li id=\"menu-item-244\"><a class=\"hfe-sub-menu-item\" href=\"https:\/\/doradavera.de\/kunstharz\/\">Kunstharz<\/a><\/li>\n<\/ul>\n<\/li>\n<li id=\"menu-item-4258\"><a class=\"hfe-menu-item\" href=\"https:\/\/doradavera.de\/sofort-erhaeltlich\/\">Shop<\/a><\/li>\n<li id=\"menu-item-165\"><a class=\"hfe-menu-item\" href=\"https:\/\/doradavera.de\/erwerb\/\">Kaufen<\/a><\/li>\n<li id=\"menu-item-46\"><a class=\"hfe-menu-item\" href=\"https:\/\/doradavera.de\/kontakt\/\">Kontakt<\/a><\/li>\n<li id=\"menu-item-44\"><a class=\"hfe-menu-item\" href=\"https:\/\/doradavera.de\/ueber-uns\/\">Dorada&amp;Vera<\/a><\/li>\n<li id=\"menu-item-533\"><a class=\"hfe-menu-item\" href=\"https:\/\/www.instagram.com\/dorada.vera\/?hl=de\">Blog<\/a><\/li>\n<\/ul>\n<\/nav>\n<p><a role=\"button\" href=\"https:\/\/doradavera.de\/shop\/\"><br \/>\nShop<br \/>\n<\/a><\/p>\n<h2>Dir gef\u00e4llt der Schmuck?<\/h2>\n<h2>Wie du meine Ohrringe, Ringe, Ketten und Armb\u00e4nder kaufen kannst<\/h2>\n<p>Kontaktier mich:<\/p>\n<p><a role=\"button\" href=\"https:\/\/www.instagram.com\/dorada.vera\/?hl=de\"><br \/>\ndoradavera<br \/>\n<\/a><br \/>\n<a href=\"https:\/\/doradavera.de\/kontakt\/\"><br \/>\n<\/a><\/p>\n<p>jewelry@doradavera.de<\/p>\n<h3>Kaufablauf<\/h3>\n<p><strong>Schmuck aus der Rubrik &#8222;Shop&#8220;<\/strong><\/p>\n<p>Sende mir Name und Kategorie des gew\u00fcnschten Schmucks \u2192 genaue Bezahlungsart und Versand abgekl\u00e4rt \u2192 du erh\u00e4lst deinen gew\u00fcnschten Schmuck.<\/p>\n<p><strong>Schmuck aus anderen Rubriken, von dieser Webseite oder Instagram\u00a0<\/strong><\/p>\n<p>Anfrage mit Namen und Kategorie des Schmucks \u2192\u00a0 Meistens exakt nach Wunsch oder kleiner Abwandlung (z.B. andere Perlen oder Farbt\u00f6ne) m\u00f6glich \u2192 Preis, Bezahlungsart und der Versand wird abgekl\u00e4rt \u2192 du erh\u00e4ltst ein neu f\u00fcr dich hergestelltes Schmuckst\u00fcck.<\/p>\n<p>&nbsp;<\/p>\n<p>Besondere W\u00fcnsche bez\u00fcglich neuer, individualisierter Kreationen, wie auch Anfragen bzgl. Reparaturen oder kreativ erweiterter Verarbeitung deines eigenen Schmuckes nehme ich gerne an. Ich bin neugierig, von deinen Ideen zu h\u00f6ren!<\/p>\n<h3><\/h3>\n<h3>Preise, Bezahlung und Versand<\/h3>\n<p>Die Preise h\u00e4ngen von dem Zeitaufwand, der angewandten Technik und den Materialkosten ab. Zur groben Einsch\u00e4tzung vor einer Preisanfrage: Ohrringpreise liegen zwischen 8 und 50 Euro, Ketten und Armb\u00e4nder sind ab 10 Euro erh\u00e4ltlich, Ringe kosten 5 bis 30 Euro.<\/p>\n<p>Bei der Kontaktaufnahme \u00fcber E-Mail oder Instagram kannst du mir deine gew\u00fcnschte Bezahlmethode und Versandart mitteilen.<\/p>\n<p>Grunds\u00e4tzlich ist die Bezahlung \u00fcber eine <strong>Bank\u00fcberweisung<\/strong> oder <strong>Paypal<\/strong> m\u00f6glich.<\/p>\n<p><strong>Weltweiter Versand<\/strong><\/p>\n<p>Den Schmuck verschicke ich in einem Briefumschlag, da die Kosten gering sind (deutschlandweit 1 bis 2 Euro, international 2 bis 4 Euro). Ich schicke dir gerne ein Foto als Versandbest\u00e4tigung. Diese Versandart hat immer gut funktioniert, der Schmuck ist vollst\u00e4ndig und unbesch\u00e4digt angekommen. Falls dir jedoch eine Online-Sendungsverfolgung lieber ist, kann ich dir auch ein versichertes Paket zukommen lassen (deutschlandweit 5 Euro, EU-weit ab 12 Euro, weltweit ab 20 Euro).<\/p>\n<h2>Schmuckanfrageformular<\/h2>\n\n<div class=\"wpcf7 no-js\" id=\"wpcf7-f1344-o1\" lang=\"de-DE\" dir=\"ltr\" data-wpcf7-id=\"1344\">\n<div class=\"screen-reader-response\"><p role=\"status\" aria-live=\"polite\" aria-atomic=\"true\"><\/p> <ul><\/ul><\/div>\n<form action=\"\/de\/wp-json\/wp\/v2\/pages\/119#wpcf7-f1344-o1\" method=\"post\" class=\"wpcf7-form init\" aria-label=\"Kontaktformular\" novalidate=\"novalidate\" data-status=\"init\">\n<fieldset class=\"hidden-fields-container\"><input type=\"hidden\" name=\"_wpcf7\" value=\"1344\" \/><input type=\"hidden\" name=\"_wpcf7_version\" value=\"6.1.5\" \/><input type=\"hidden\" name=\"_wpcf7_locale\" value=\"de_DE\" \/><input type=\"hidden\" name=\"_wpcf7_unit_tag\" value=\"wpcf7-f1344-o1\" \/><input type=\"hidden\" name=\"_wpcf7_container_post\" value=\"0\" \/><input type=\"hidden\" name=\"_wpcf7_posted_data_hash\" value=\"\" \/>\n<\/fieldset>\n<p><label> Dein Name<br \/>\n<span class=\"wpcf7-form-control-wrap\" data-name=\"your-name\"><input size=\"40\" maxlength=\"400\" class=\"wpcf7-form-control wpcf7-text wpcf7-validates-as-required\" aria-required=\"true\" aria-invalid=\"false\" value=\"\" type=\"text\" name=\"your-name\" \/><\/span> <\/label>\n<\/p>\n<p><label> Deine E-Mail-Adresse<br \/>\n<span class=\"wpcf7-form-control-wrap\" data-name=\"your-email\"><input size=\"40\" maxlength=\"400\" class=\"wpcf7-form-control wpcf7-email wpcf7-validates-as-required wpcf7-text wpcf7-validates-as-email\" aria-required=\"true\" aria-invalid=\"false\" value=\"\" type=\"email\" name=\"your-email\" \/><\/span> <\/label>\n<\/p>\n<p><label> Betreff\/Name des gew\u00fcnschten Schmuckst\u00fccks<br \/>\n<span class=\"wpcf7-form-control-wrap\" data-name=\"your-subject\"><input size=\"40\" maxlength=\"400\" class=\"wpcf7-form-control wpcf7-text wpcf7-validates-as-required\" aria-required=\"true\" aria-invalid=\"false\" value=\"\" type=\"text\" name=\"your-subject\" \/><\/span> <\/label>\n<\/p>\n<p><label> Deine Nachricht (bitte Name und Art des Schmuckst\u00fcckes nennen, an dem du Interesse hast)<br \/>\n<span class=\"wpcf7-form-control-wrap\" data-name=\"your-message\"><textarea cols=\"40\" rows=\"10\" maxlength=\"2000\" class=\"wpcf7-form-control wpcf7-textarea\" aria-invalid=\"false\" name=\"your-message\"><\/textarea><\/span> <\/label>\n<\/p>\n<p><input class=\"wpcf7-form-control wpcf7-submit has-spinner\" type=\"submit\" value=\"Senden\" \/>\n<\/p><div class=\"wpcf7-response-output\" aria-hidden=\"true\"><\/div>\n<\/form>\n<\/div>\n\n","protected":false},"excerpt":{"rendered":"<p>Kaufen Schmuck Shop Ohrringe Ringe Ketten &amp; Armb\u00e4nder Upcycling Emaille Kunstharz Shop Kaufen Kontakt Dorada&amp;Vera Blog Shop Dir gef\u00e4llt der Schmuck? Wie du meine Ohrringe, Ringe, Ketten und Armb\u00e4nder kaufen kannst Kontaktier mich: doradavera jewelry@doradavera.de Kaufablauf Schmuck aus der Rubrik &#8222;Shop&#8220; Sende mir Name und Kategorie des gew\u00fcnschten Schmucks \u2192 genaue Bezahlungsart und Versand abgekl\u00e4rt [&hellip;]<\/p>\n","protected":false},"author":1,"featured_media":0,"parent":0,"menu_order":0,"comment_status":"closed","ping_status":"closed","template":"","meta":{"ocean_post_layout":"full-width","ocean_both_sidebars_style":"","ocean_both_sidebars_content_width":0,"ocean_both_sidebars_sidebars_width":0,"ocean_sidebar":"0","ocean_second_sidebar":"0","ocean_disable_margins":"enable","ocean_add_body_class":"","ocean_shortcode_before_top_bar":"","ocean_shortcode_after_top_bar":"","ocean_shortcode_before_header":"","ocean_shortcode_after_header":"","ocean_has_shortcode":"","ocean_shortcode_after_title":"","ocean_shortcode_before_footer_widgets":"","ocean_shortcode_after_footer_widgets":"","ocean_shortcode_before_footer_bottom":"","ocean_shortcode_after_footer_bottom":"","ocean_display_top_bar":"off","ocean_display_header":"off","ocean_header_style":"","ocean_center_header_left_menu":"0","ocean_custom_header_template":"0","ocean_custom_logo":0,"ocean_custom_retina_logo":0,"ocean_custom_logo_max_width":0,"ocean_custom_logo_tablet_max_width":0,"ocean_custom_logo_mobile_max_width":0,"ocean_custom_logo_max_height":0,"ocean_custom_logo_tablet_max_height":0,"ocean_custom_logo_mobile_max_height":0,"ocean_header_custom_menu":"0","ocean_menu_typo_font_family":"0","ocean_menu_typo_font_subset":"","ocean_menu_typo_font_size":0,"ocean_menu_typo_font_size_tablet":0,"ocean_menu_typo_font_size_mobile":0,"ocean_menu_typo_font_size_unit":"px","ocean_menu_typo_font_weight":"","ocean_menu_typo_font_weight_tablet":"","ocean_menu_typo_font_weight_mobile":"","ocean_menu_typo_transform":"","ocean_menu_typo_transform_tablet":"","ocean_menu_typo_transform_mobile":"","ocean_menu_typo_line_height":0,"ocean_menu_typo_line_height_tablet":0,"ocean_menu_typo_line_height_mobile":0,"ocean_menu_typo_line_height_unit":"","ocean_menu_typo_spacing":0,"ocean_menu_typo_spacing_tablet":0,"ocean_menu_typo_spacing_mobile":0,"ocean_menu_typo_spacing_unit":"","ocean_menu_link_color":"","ocean_menu_link_color_hover":"","ocean_menu_link_color_active":"","ocean_menu_link_background":"","ocean_menu_link_hover_background":"","ocean_menu_link_active_background":"","ocean_menu_social_links_bg":"","ocean_menu_social_hover_links_bg":"","ocean_menu_social_links_color":"","ocean_menu_social_hover_links_color":"","ocean_disable_title":"on","ocean_disable_heading":"default","ocean_post_title":"","ocean_post_subheading":"","ocean_post_title_style":"","ocean_post_title_background_color":"","ocean_post_title_background":0,"ocean_post_title_bg_image_position":"","ocean_post_title_bg_image_attachment":"","ocean_post_title_bg_image_repeat":"","ocean_post_title_bg_image_size":"","ocean_post_title_height":0,"ocean_post_title_bg_overlay":0.5,"ocean_post_title_bg_overlay_color":"","ocean_disable_breadcrumbs":"default","ocean_breadcrumbs_color":"","ocean_breadcrumbs_separator_color":"","ocean_breadcrumbs_links_color":"","ocean_breadcrumbs_links_hover_color":"","ocean_display_footer_widgets":"default","ocean_display_footer_bottom":"default","ocean_custom_footer_template":"0","footnotes":""},"class_list":["post-119","page","type-page","status-publish","hentry","entry"],"translation":{"provider":"WPGlobus","version":"3.0.2","language":"de","enabled_languages":["gb","de"],"languages":{"gb":{"title":true,"content":true,"excerpt":false},"de":{"title":true,"content":true,"excerpt":false}}},"yoast_head":"<!-- This site is optimized with the Yoast SEO plugin v27.3 - https:\/\/yoast.com\/product\/yoast-seo-wordpress\/ -->\n<title>Kaufen - doradavera<\/title>\n<meta name=\"description\" content=\"Du kannst meinen Schmuck kaufen. Schreib mir daf\u00fcr gerne. Ich nehme pers\u00f6nliche Schmuckbestellungen entgegen.\" \/>\n<meta name=\"robots\" content=\"index, follow, max-snippet:-1, max-image-preview:large, max-video-preview:-1\" \/>\n<link rel=\"canonical\" href=\"https:\/\/doradavera.de\/kaufen-schmuck-wuensche\/\" \/>\n<meta property=\"og:locale\" content=\"de_DE\" \/>\n<meta property=\"og:type\" content=\"article\" \/>\n<meta property=\"og:title\" content=\"Kaufen - doradavera\" \/>\n<meta property=\"og:description\" content=\"Du kannst meinen Schmuck kaufen. Schreib mir daf\u00fcr gerne. Ich nehme pers\u00f6nliche Schmuckbestellungen entgegen.\" \/>\n<meta property=\"og:url\" content=\"https:\/\/doradavera.de\/kaufen-schmuck-wuensche\/\" \/>\n<meta property=\"og:site_name\" content=\"doradavera\" \/>\n<meta property=\"article:modified_time\" content=\"2024-07-10T13:54:32+00:00\" \/>\n<meta name=\"twitter:card\" content=\"summary_large_image\" \/>\n<meta name=\"twitter:label1\" content=\"Gesch\u00e4tzte Lesezeit\" \/>\n\t<meta name=\"twitter:data1\" content=\"2\u00a0Minuten\" \/>\n<script type=\"application\/ld+json\" class=\"yoast-schema-graph\">{\"@context\":\"https:\\\/\\\/schema.org\",\"@graph\":[{\"@type\":\"WebPage\",\"@id\":\"https:\\\/\\\/doradavera.de\\\/kaufen-schmuck-wuensche\\\/\",\"url\":\"https:\\\/\\\/doradavera.de\\\/kaufen-schmuck-wuensche\\\/\",\"name\":\"Kaufen - doradavera\",\"isPartOf\":{\"@id\":\"https:\\\/\\\/doradavera.de\\\/#website\"},\"datePublished\":\"2021-03-25T20:48:21+00:00\",\"dateModified\":\"2024-07-10T13:54:32+00:00\",\"description\":\"Du kannst meinen Schmuck kaufen. Schreib mir daf\u00fcr gerne. Ich nehme pers\u00f6nliche Schmuckbestellungen entgegen.\",\"breadcrumb\":{\"@id\":\"https:\\\/\\\/doradavera.de\\\/kaufen-schmuck-wuensche\\\/#breadcrumb\"},\"inLanguage\":\"de\",\"potentialAction\":[{\"@type\":\"ReadAction\",\"target\":[\"https:\\\/\\\/doradavera.de\\\/kaufen-schmuck-wuensche\\\/\"]}]},{\"@type\":\"BreadcrumbList\",\"@id\":\"https:\\\/\\\/doradavera.de\\\/kaufen-schmuck-wuensche\\\/#breadcrumb\",\"itemListElement\":[{\"@type\":\"ListItem\",\"position\":1,\"name\":\"Startseite\",\"item\":\"https:\\\/\\\/doradavera.de\\\/\"},{\"@type\":\"ListItem\",\"position\":2,\"name\":\"Kaufen\"}]},{\"@type\":\"WebSite\",\"@id\":\"https:\\\/\\\/doradavera.de\\\/#website\",\"url\":\"https:\\\/\\\/doradavera.de\\\/\",\"name\":\"{:de}schmuckdoradavera{:}{:gb}jewellerydoradavera{:}{:es}joyer\u00edadoradavera{:}\",\"description\":\"handgemachter Schmuck, Ohrringe, Ketten, Ringe aus Emaille, Upcycling, Perlen, Draht und mehr\",\"publisher\":{\"@id\":\"https:\\\/\\\/doradavera.de\\\/#\\\/schema\\\/person\\\/ab45ae0eb14121b6dc5f3364aba3c913\"},\"alternateName\":\"{:de}schmuckdoradavera{:}{:gb}jewellerydoradavera{:}{:es}joyer\u00edadoradavera{:}\",\"potentialAction\":[{\"@type\":\"SearchAction\",\"target\":{\"@type\":\"EntryPoint\",\"urlTemplate\":\"https:\\\/\\\/doradavera.de\\\/?s={search_term_string}\"},\"query-input\":{\"@type\":\"PropertyValueSpecification\",\"valueRequired\":true,\"valueName\":\"search_term_string\"}}],\"inLanguage\":\"de\"},{\"@type\":[\"Person\",\"Organization\"],\"@id\":\"https:\\\/\\\/doradavera.de\\\/#\\\/schema\\\/person\\\/ab45ae0eb14121b6dc5f3364aba3c913\",\"name\":\"doradavera\",\"image\":{\"@type\":\"ImageObject\",\"inLanguage\":\"de\",\"@id\":\"https:\\\/\\\/doradavera.de\\\/wp-content\\\/uploads\\\/2021\\\/04\\\/IMG-20201003-WA0025-2.jpg\",\"url\":\"https:\\\/\\\/doradavera.de\\\/wp-content\\\/uploads\\\/2021\\\/04\\\/IMG-20201003-WA0025-2.jpg\",\"contentUrl\":\"https:\\\/\\\/doradavera.de\\\/wp-content\\\/uploads\\\/2021\\\/04\\\/IMG-20201003-WA0025-2.jpg\",\"width\":973,\"height\":973,\"caption\":\"doradavera\"},\"logo\":{\"@id\":\"https:\\\/\\\/doradavera.de\\\/wp-content\\\/uploads\\\/2021\\\/04\\\/IMG-20201003-WA0025-2.jpg\"},\"description\":\"Schmuckdesignerin seit ich 9 Jahre alt bin. Learning by Doing von Upcycling, Emaille, Drahtkunst, Perlenschmuck und mehr. Vermitteln von Workshops zu Schmuck aus M\u00fcll\",\"sameAs\":[\"https:\\\/\\\/doradavera.de\",\"https:\\\/\\\/www.instagram.com\\\/dorada.vera\\\/?hl=de\",\"https:\\\/\\\/www.linkedin.com\\\/in\\\/dorada-vera-15b92230a\\\/?originalSubdomain=de\"]}]}<\/script>\n<!-- \/ Yoast SEO plugin. -->","yoast_head_json":{"title":"Kaufen - doradavera","description":"Du kannst meinen Schmuck kaufen. Schreib mir daf\u00fcr gerne. Ich nehme pers\u00f6nliche Schmuckbestellungen entgegen.","robots":{"index":"index","follow":"follow","max-snippet":"max-snippet:-1","max-image-preview":"max-image-preview:large","max-video-preview":"max-video-preview:-1"},"canonical":"https:\/\/doradavera.de\/kaufen-schmuck-wuensche\/","og_locale":"de_DE","og_type":"article","og_title":"Kaufen - doradavera","og_description":"Du kannst meinen Schmuck kaufen. Schreib mir daf\u00fcr gerne. Ich nehme pers\u00f6nliche Schmuckbestellungen entgegen.","og_url":"https:\/\/doradavera.de\/kaufen-schmuck-wuensche\/","og_site_name":"doradavera","article_modified_time":"2024-07-10T13:54:32+00:00","twitter_card":"summary_large_image","twitter_misc":{"Gesch\u00e4tzte Lesezeit":"2\u00a0Minuten"},"schema":{"@context":"https:\/\/schema.org","@graph":[{"@type":"WebPage","@id":"https:\/\/doradavera.de\/kaufen-schmuck-wuensche\/","url":"https:\/\/doradavera.de\/kaufen-schmuck-wuensche\/","name":"Kaufen - doradavera","isPartOf":{"@id":"https:\/\/doradavera.de\/#website"},"datePublished":"2021-03-25T20:48:21+00:00","dateModified":"2024-07-10T13:54:32+00:00","description":"Du kannst meinen Schmuck kaufen. Schreib mir daf\u00fcr gerne. Ich nehme pers\u00f6nliche Schmuckbestellungen entgegen.","breadcrumb":{"@id":"https:\/\/doradavera.de\/kaufen-schmuck-wuensche\/#breadcrumb"},"inLanguage":"de","potentialAction":[{"@type":"ReadAction","target":["https:\/\/doradavera.de\/kaufen-schmuck-wuensche\/"]}]},{"@type":"BreadcrumbList","@id":"https:\/\/doradavera.de\/kaufen-schmuck-wuensche\/#breadcrumb","itemListElement":[{"@type":"ListItem","position":1,"name":"Startseite","item":"https:\/\/doradavera.de\/"},{"@type":"ListItem","position":2,"name":"Kaufen"}]},{"@type":"WebSite","@id":"https:\/\/doradavera.de\/#website","url":"https:\/\/doradavera.de\/","name":"{:de}schmuckdoradavera{:}{:gb}jewellerydoradavera{:}{:es}joyer\u00edadoradavera{:}","description":"handgemachter Schmuck, Ohrringe, Ketten, Ringe aus Emaille, Upcycling, Perlen, Draht und mehr","publisher":{"@id":"https:\/\/doradavera.de\/#\/schema\/person\/ab45ae0eb14121b6dc5f3364aba3c913"},"alternateName":"{:de}schmuckdoradavera{:}{:gb}jewellerydoradavera{:}{:es}joyer\u00edadoradavera{:}","potentialAction":[{"@type":"SearchAction","target":{"@type":"EntryPoint","urlTemplate":"https:\/\/doradavera.de\/?s={search_term_string}"},"query-input":{"@type":"PropertyValueSpecification","valueRequired":true,"valueName":"search_term_string"}}],"inLanguage":"de"},{"@type":["Person","Organization"],"@id":"https:\/\/doradavera.de\/#\/schema\/person\/ab45ae0eb14121b6dc5f3364aba3c913","name":"doradavera","image":{"@type":"ImageObject","inLanguage":"de","@id":"https:\/\/doradavera.de\/wp-content\/uploads\/2021\/04\/IMG-20201003-WA0025-2.jpg","url":"https:\/\/doradavera.de\/wp-content\/uploads\/2021\/04\/IMG-20201003-WA0025-2.jpg","contentUrl":"https:\/\/doradavera.de\/wp-content\/uploads\/2021\/04\/IMG-20201003-WA0025-2.jpg","width":973,"height":973,"caption":"doradavera"},"logo":{"@id":"https:\/\/doradavera.de\/wp-content\/uploads\/2021\/04\/IMG-20201003-WA0025-2.jpg"},"description":"Schmuckdesignerin seit ich 9 Jahre alt bin. Learning by Doing von Upcycling, Emaille, Drahtkunst, Perlenschmuck und mehr. Vermitteln von Workshops zu Schmuck aus M\u00fcll","sameAs":["https:\/\/doradavera.de","https:\/\/www.instagram.com\/dorada.vera\/?hl=de","https:\/\/www.linkedin.com\/in\/dorada-vera-15b92230a\/?originalSubdomain=de"]}]}},"jetpack_sharing_enabled":true,"_links":{"self":[{"href":"https:\/\/doradavera.de\/de\/wp-json\/wp\/v2\/pages\/119","targetHints":{"allow":["GET"]}}],"collection":[{"href":"https:\/\/doradavera.de\/de\/wp-json\/wp\/v2\/pages"}],"about":[{"href":"https:\/\/doradavera.de\/de\/wp-json\/wp\/v2\/types\/page"}],"author":[{"embeddable":true,"href":"https:\/\/doradavera.de\/de\/wp-json\/wp\/v2\/users\/1"}],"replies":[{"embeddable":true,"href":"https:\/\/doradavera.de\/de\/wp-json\/wp\/v2\/comments?post=119"}],"version-history":[{"count":2,"href":"https:\/\/doradavera.de\/de\/wp-json\/wp\/v2\/pages\/119\/revisions"}],"predecessor-version":[{"id":6475,"href":"https:\/\/doradavera.de\/de\/wp-json\/wp\/v2\/pages\/119\/revisions\/6475"}],"wp:attachment":[{"href":"https:\/\/doradavera.de\/de\/wp-json\/wp\/v2\/media?parent=119"}],"curies":[{"name":"wp","href":"https:\/\/api.w.org\/{rel}","templated":true}]}}