{"id":31,"date":"2021-03-24T10:50:44","date_gmt":"2021-03-24T10:50:44","guid":{"rendered":"http:\/\/doradavera.de\/?page_id=31"},"modified":"2024-07-10T13:40:41","modified_gmt":"2024-07-10T13:40:41","slug":"ueber-mich-und-schmuck","status":"publish","type":"page","link":"https:\/\/doradavera.de\/de\/ueber-mich-und-schmuck\/","title":{"rendered":"Dorada&#038;Vera"},"content":{"rendered":"<h2><a href=\"https:\/\/doradavera.de\/\">D&amp;V<\/a><\/h2>\n<nav data-toggle-icon=\"&lt;i aria-hidden=&quot;true&quot; tabindex=&quot;0&quot; class=&quot;fas fa-align-justify&quot;&gt;&lt;\/i&gt;\" data-close-icon=\"&lt;i aria-hidden=&quot;true&quot; tabindex=&quot;0&quot; class=&quot;far fa-window-close&quot;&gt;&lt;\/i&gt;\" data-full-width=\"yes\">\n<ul id=\"menu-1-2c0b2fb\">\n<li id=\"menu-item-43\"><a class=\"hfe-menu-item\" href=\"https:\/\/doradavera.de\/\">Schmuck<\/a>\n<ul>\n<li id=\"menu-item-247\"><a class=\"hfe-sub-menu-item\" href=\"https:\/\/doradavera.de\/sofort-erhaeltlich\/\">Shop<\/a><\/li>\n<li id=\"menu-item-245\"><a class=\"hfe-sub-menu-item\" href=\"https:\/\/doradavera.de\/ohrringe\/\">Ohrringe<\/a><\/li>\n<li id=\"menu-item-246\"><a class=\"hfe-sub-menu-item\" href=\"https:\/\/doradavera.de\/ringe\/\">Ringe<\/a><\/li>\n<li id=\"menu-item-243\"><a class=\"hfe-sub-menu-item\" href=\"https:\/\/doradavera.de\/ketten-armbaender\/\">Ketten &amp; Armb\u00e4nder<\/a><\/li>\n<li id=\"menu-item-241\"><a class=\"hfe-sub-menu-item\" href=\"https:\/\/doradavera.de\/upcycling\/\">Upcycling<\/a><\/li>\n<li id=\"menu-item-242\"><a class=\"hfe-sub-menu-item\" href=\"https:\/\/doradavera.de\/emaille\/\">Emaille<\/a><\/li>\n<li id=\"menu-item-244\"><a class=\"hfe-sub-menu-item\" href=\"https:\/\/doradavera.de\/kunstharz\/\">Kunstharz<\/a><\/li>\n<\/ul>\n<\/li>\n<li id=\"menu-item-4258\"><a class=\"hfe-menu-item\" href=\"https:\/\/doradavera.de\/sofort-erhaeltlich\/\">Shop<\/a><\/li>\n<li id=\"menu-item-165\"><a class=\"hfe-menu-item\" href=\"https:\/\/doradavera.de\/erwerb\/\">Kaufen<\/a><\/li>\n<li id=\"menu-item-46\"><a class=\"hfe-menu-item\" href=\"https:\/\/doradavera.de\/kontakt\/\">Kontakt<\/a><\/li>\n<li id=\"menu-item-44\"><a class=\"hfe-menu-item\" href=\"https:\/\/doradavera.de\/ueber-uns\/\">Dorada&amp;Vera<\/a><\/li>\n<li id=\"menu-item-533\"><a class=\"hfe-menu-item\" href=\"https:\/\/www.instagram.com\/dorada.vera\/?hl=de\">Blog<\/a><\/li>\n<\/ul>\n<\/nav>\n<figure class=\"gallery-item\"><a href=\"https:\/\/i0.wp.com\/doradavera.de\/wp-content\/uploads\/2021\/03\/IMG_20201008_170632_362.jpg?ssl=1\" data-elementor-open-lightbox=\"yes\" data-elementor-lightbox-slideshow=\"f77c086\" data-elementor-lightbox-title=\"IMG_20201008_170632_362\"><img data-recalc-dims=\"1\" fetchpriority=\"high\" decoding=\"async\" src=\"https:\/\/i0.wp.com\/doradavera.de\/wp-content\/uploads\/2021\/03\/IMG_20201008_170632_362.jpg?resize=715%2C894&#038;ssl=1\" sizes=\"(max-width: 715px) 100vw, 715px\" srcset=\"https:\/\/doradavera.de\/wp-content\/uploads\/2021\/03\/IMG_20201008_170632_362.jpg 715w, https:\/\/doradavera.de\/wp-content\/uploads\/2021\/03\/IMG_20201008_170632_362-240x300.jpg 240w\" alt=\"\" width=\"715\" height=\"894\" \/><\/a><\/figure>\n<figure class=\"gallery-item\"><a href=\"https:\/\/i0.wp.com\/doradavera.de\/wp-content\/uploads\/2021\/03\/IMG_20201008_170401_312.jpg?ssl=1\" data-elementor-open-lightbox=\"yes\" data-elementor-lightbox-slideshow=\"f77c086\" data-elementor-lightbox-title=\"IMG_20201008_170401_312\"><img data-recalc-dims=\"1\" decoding=\"async\" data-src=\"https:\/\/i0.wp.com\/doradavera.de\/wp-content\/uploads\/2021\/03\/IMG_20201008_170401_312.jpg?resize=898%2C1123&#038;ssl=1\" data-sizes=\"(max-width: 898px) 100vw, 898px\" data-srcset=\"https:\/\/doradavera.de\/wp-content\/uploads\/2021\/03\/IMG_20201008_170401_312.jpg 898w, https:\/\/doradavera.de\/wp-content\/uploads\/2021\/03\/IMG_20201008_170401_312-240x300.jpg 240w, https:\/\/doradavera.de\/wp-content\/uploads\/2021\/03\/IMG_20201008_170401_312-819x1024.jpg 819w, https:\/\/doradavera.de\/wp-content\/uploads\/2021\/03\/IMG_20201008_170401_312-768x960.jpg 768w\" alt=\"\" width=\"898\" height=\"1123\" src=\"data:image\/svg+xml;base64,PHN2ZyB3aWR0aD0iMSIgaGVpZ2h0PSIxIiB4bWxucz0iaHR0cDovL3d3dy53My5vcmcvMjAwMC9zdmciPjwvc3ZnPg==\" class=\"lazyload\" style=\"--smush-placeholder-width: 898px; --smush-placeholder-aspect-ratio: 898\/1123;\" \/><\/a><\/figure>\n<figure class=\"gallery-item\"><a href=\"https:\/\/i0.wp.com\/doradavera.de\/wp-content\/uploads\/2021\/03\/IMG_20201008_170453_134-1.jpg?ssl=1\" data-elementor-open-lightbox=\"yes\" data-elementor-lightbox-slideshow=\"f77c086\" data-elementor-lightbox-title=\"IMG_20201008_170453_134\"><img data-recalc-dims=\"1\" decoding=\"async\" data-src=\"https:\/\/i0.wp.com\/doradavera.de\/wp-content\/uploads\/2021\/03\/IMG_20201008_170453_134-1.jpg?resize=898%2C1123&#038;ssl=1\" data-sizes=\"(max-width: 898px) 100vw, 898px\" data-srcset=\"https:\/\/doradavera.de\/wp-content\/uploads\/2021\/03\/IMG_20201008_170453_134-1.jpg 898w, https:\/\/doradavera.de\/wp-content\/uploads\/2021\/03\/IMG_20201008_170453_134-1-240x300.jpg 240w, https:\/\/doradavera.de\/wp-content\/uploads\/2021\/03\/IMG_20201008_170453_134-1-819x1024.jpg 819w, https:\/\/doradavera.de\/wp-content\/uploads\/2021\/03\/IMG_20201008_170453_134-1-768x960.jpg 768w\" alt=\"\" width=\"898\" height=\"1123\" src=\"data:image\/svg+xml;base64,PHN2ZyB3aWR0aD0iMSIgaGVpZ2h0PSIxIiB4bWxucz0iaHR0cDovL3d3dy53My5vcmcvMjAwMC9zdmciPjwvc3ZnPg==\" class=\"lazyload\" style=\"--smush-placeholder-width: 898px; --smush-placeholder-aspect-ratio: 898\/1123;\" \/><\/a><\/figure>\n<figure class=\"gallery-item\"><a href=\"https:\/\/i0.wp.com\/doradavera.de\/wp-content\/uploads\/2021\/03\/IMG_20201008_170632_360.jpg?ssl=1\" data-elementor-open-lightbox=\"yes\" data-elementor-lightbox-slideshow=\"f77c086\" data-elementor-lightbox-title=\"IMG_20201008_170632_360\"><img data-recalc-dims=\"1\" decoding=\"async\" data-src=\"https:\/\/i0.wp.com\/doradavera.de\/wp-content\/uploads\/2021\/03\/IMG_20201008_170632_360.jpg?resize=898%2C1122&#038;ssl=1\" data-sizes=\"(max-width: 898px) 100vw, 898px\" data-srcset=\"https:\/\/doradavera.de\/wp-content\/uploads\/2021\/03\/IMG_20201008_170632_360.jpg 898w, https:\/\/doradavera.de\/wp-content\/uploads\/2021\/03\/IMG_20201008_170632_360-240x300.jpg 240w, https:\/\/doradavera.de\/wp-content\/uploads\/2021\/03\/IMG_20201008_170632_360-820x1024.jpg 820w, https:\/\/doradavera.de\/wp-content\/uploads\/2021\/03\/IMG_20201008_170632_360-768x960.jpg 768w\" alt=\"\" width=\"898\" height=\"1122\" src=\"data:image\/svg+xml;base64,PHN2ZyB3aWR0aD0iMSIgaGVpZ2h0PSIxIiB4bWxucz0iaHR0cDovL3d3dy53My5vcmcvMjAwMC9zdmciPjwvc3ZnPg==\" class=\"lazyload\" style=\"--smush-placeholder-width: 898px; --smush-placeholder-aspect-ratio: 898\/1122;\" \/><\/a><\/figure>\n<h3>Was siehst du in Materialien? Wirken sie passiv auf dich oder k\u00f6nnen sie Einfluss auf ihr Umfeld nehmen?<\/h3>\n<p>Lang geliebte Ketten vom Flohmarkt, Kronkorken, Verpackungsmaterial, Steine von Reisen, vertrocknete Bl\u00fcten aber auch Dr\u00e4hte aus Messing, versilbertem Kupfer, Kupfer und Aluminium werden von Vera bei der Herstellung verschiedenster Schmuckst\u00fccke verwendet. Durch Schmuck, die Einarbeitung von Upcycling, anderer Zweckentfremdung, aber auch herk\u00f6mmlichen &#8222;Zutaten&#8220; wie Perlen, m\u00f6chte sie den Alltag der nutzenden und sie umgebenden Menschen versch\u00f6nern.\u00a0 Schmuck hat einen besonderen Charakter, der sich mit dem eines Menschen perfekt erg\u00e4nzen kann, so kann beim Anblick von jedem Menschen eine neue Idee f\u00fcr ein individuell angepasstes Schmuckst\u00fcck entstehen.<\/p>\n<p>Bei ihrer k\u00fcnstlerischen Entfaltung vermischen sich immer mehr Stile, Techniken entwickelen sich und neue Elemente enstehen w\u00e4hrend der Fertigungsprozesse. Vorallem aus den sie umgebenden Materialien werden Ohrringe, Ringe, Ketten und Armb\u00e4nder kreiert, welche \u00c4sthetik und Funktionalit\u00e4t passend zu einer Stimmung, einem Moment oder einem Umfeld kombinieren. In den Namen der Schmuckst\u00fccke verbergen sich oftmals St\u00e4dtename oder andere den entsprechenden Farben und Formen zugeordnete Assoziationen. Jedes Schmuckst\u00fcck ist ein Unikat mit einer eigenen Geschichte und Bedeutung, welches nur auf Anfrage noch einmal angefertigt werden kann. Die Materialien sind oft nur einmalig vorhanden und deren Ver- und Einarbeitung bringen auch deswegen besondere Einzelst\u00fccke hervor.<\/p>\n<p>(<u>Zu Materialunvertr\u00e4glichkeiten:<\/u> Metalldr\u00e4hte f\u00fcr unter anderem die Ohrringohrhaken sind aus Edelstahl, Messingdraht, versilbertem Kupferdraht oder Aluminiumdraht. Selbstverst\u00e4ndlich lassen sich diese auf Wunsch auch gegen Echtsilberohraken oder vergoldete Ohrhaken auswechseln.)<\/p>\n<h3><\/h3>\n<h3>Dorada<\/h3>\n<p>Dorada heisst im Spanischen &#8222;golden&#8220;. Das Material Gold wird typischerweise gerne in Schmuck verarbeitet. Dessen Symbolik und anhaltende Wertsch\u00e4tzung hat eine lange Geschichte, wodurch es bis heute eine einzigartige Ausstrahlung hat. Aber nicht nur reines Gold oder vergoldete Materialien, sondern auch goldfarbene Metalle wie Messing oder Kupfer k\u00f6nnen in diesem Licht, in einem goldfarbenen Ton, gl\u00e4nzen. Die Bedeutungen von Materialien, koventionelle oder unkonventionell, spielen eine grosse Rolle, nicht nur im Schmuck, sondern auch in anderen Teilen unseres Lebens. Wir kommen t\u00e4glich mit ihnen in Kontakt und verarbeiten sie zu Neuem. So auch in der Schmuckfabrizierung und anderem Handwerk. Diese Assoziationen und pers\u00f6nliche Erinnerungen der Schmuckk\u00fcnstlerin Vera spiegeln sich in dem zusammengestezen\u00a0 Namen &#8222;doradavera&#8220; wieder.<\/p>\n<p>Die bevorzugte Wieder- oder Weiterverwendungen in Veras Schmuckherstellung finden sich auch in der Verarbeitung, z.B. im Goldschmiedehandwerk, des traditionell genutzten Materials Gold, aus dem oft aus alten Formen neue Kreationen zusammengeschmolzen und geformt werden.<\/p>\n<h3>Vera<\/h3>\n<p>W\u00e4hrend ihrem Heranwachsen in Berlin entdeckte sie schon fr\u00fch ihre Leidenschaft f\u00fcr handwerkliche Enstehungsprozesse von Schmuck. Einfl\u00fcsse eines einj\u00e4hrigen Aufenthalts in Chile, Reisen und das berliner Leben sind essentiell f\u00fcr ihre Inspirationen und k\u00fcnstlerische Weiterentwicklung. Dabei sind politische Sichtweisen, Wahrnehmungen von Bildern und Ger\u00fcchen oder zwischenmenschliche Kontakte, besonders die zu anderen kunstschaffendenen Menschen, wichtig. Das Zusammenspiel dieser Erfahrungen findet Ausdruck in ihrer Kunst.<\/p>\n<p><img data-recalc-dims=\"1\" decoding=\"async\" data-src=\"https:\/\/i0.wp.com\/doradavera.de\/wp-content\/uploads\/2021\/04\/IMG_20201012_174009_702.jpg?resize=150%2C150&#038;ssl=1\" alt=\"\" width=\"150\" height=\"150\" src=\"data:image\/svg+xml;base64,PHN2ZyB3aWR0aD0iMSIgaGVpZ2h0PSIxIiB4bWxucz0iaHR0cDovL3d3dy53My5vcmcvMjAwMC9zdmciPjwvc3ZnPg==\" class=\"lazyload\" style=\"--smush-placeholder-width: 150px; --smush-placeholder-aspect-ratio: 150\/150;\" \/><\/p>\n<figure class=\"gallery-item\"><a href=\"https:\/\/i0.wp.com\/doradavera.de\/wp-content\/uploads\/2021\/04\/IMG_20201012_174131_143-1.jpg?ssl=1\" data-elementor-open-lightbox=\"yes\" data-elementor-lightbox-slideshow=\"c024d23\" data-elementor-lightbox-title=\"Visitenkarte\"><img data-recalc-dims=\"1\" decoding=\"async\" data-src=\"https:\/\/i0.wp.com\/doradavera.de\/wp-content\/uploads\/2021\/04\/IMG_20201012_174131_143-1.jpg?resize=290%2C300&#038;ssl=1\" data-sizes=\"(max-width: 290px) 100vw, 290px\" data-srcset=\"https:\/\/doradavera.de\/wp-content\/uploads\/2021\/04\/IMG_20201012_174131_143-1-290x300.jpg 290w, https:\/\/doradavera.de\/wp-content\/uploads\/2021\/04\/IMG_20201012_174131_143-1-989x1024.jpg 989w, https:\/\/doradavera.de\/wp-content\/uploads\/2021\/04\/IMG_20201012_174131_143-1-768x795.jpg 768w, https:\/\/doradavera.de\/wp-content\/uploads\/2021\/04\/IMG_20201012_174131_143-1-1483x1536.jpg 1483w, https:\/\/doradavera.de\/wp-content\/uploads\/2021\/04\/IMG_20201012_174131_143-1-1978x2048.jpg 1978w\" alt=\"\" width=\"290\" height=\"300\" src=\"data:image\/svg+xml;base64,PHN2ZyB3aWR0aD0iMSIgaGVpZ2h0PSIxIiB4bWxucz0iaHR0cDovL3d3dy53My5vcmcvMjAwMC9zdmciPjwvc3ZnPg==\" class=\"lazyload\" style=\"--smush-placeholder-width: 290px; --smush-placeholder-aspect-ratio: 290\/300;\" \/><\/a><\/figure>\n","protected":false},"excerpt":{"rendered":"<p>D&amp;V Schmuck Shop Ohrringe Ringe Ketten &amp; Armb\u00e4nder Upcycling Emaille Kunstharz Shop Kaufen Kontakt Dorada&amp;Vera Blog Was siehst du in Materialien? Wirken sie passiv auf dich oder k\u00f6nnen sie Einfluss auf ihr Umfeld nehmen? Lang geliebte Ketten vom Flohmarkt, Kronkorken, Verpackungsmaterial, Steine von Reisen, vertrocknete Bl\u00fcten aber auch Dr\u00e4hte aus Messing, versilbertem Kupfer, Kupfer und [&hellip;]<\/p>\n","protected":false},"author":1,"featured_media":0,"parent":0,"menu_order":0,"comment_status":"closed","ping_status":"closed","template":"","meta":{"ocean_post_layout":"full-width","ocean_both_sidebars_style":"","ocean_both_sidebars_content_width":0,"ocean_both_sidebars_sidebars_width":0,"ocean_sidebar":"0","ocean_second_sidebar":"0","ocean_disable_margins":"enable","ocean_add_body_class":"","ocean_shortcode_before_top_bar":"","ocean_shortcode_after_top_bar":"","ocean_shortcode_before_header":"","ocean_shortcode_after_header":"","ocean_has_shortcode":"","ocean_shortcode_after_title":"","ocean_shortcode_before_footer_widgets":"","ocean_shortcode_after_footer_widgets":"","ocean_shortcode_before_footer_bottom":"","ocean_shortcode_after_footer_bottom":"","ocean_display_top_bar":"off","ocean_display_header":"off","ocean_header_style":"","ocean_center_header_left_menu":"0","ocean_custom_header_template":"0","ocean_custom_logo":0,"ocean_custom_retina_logo":0,"ocean_custom_logo_max_width":0,"ocean_custom_logo_tablet_max_width":0,"ocean_custom_logo_mobile_max_width":0,"ocean_custom_logo_max_height":0,"ocean_custom_logo_tablet_max_height":0,"ocean_custom_logo_mobile_max_height":0,"ocean_header_custom_menu":"0","ocean_menu_typo_font_family":"0","ocean_menu_typo_font_subset":"","ocean_menu_typo_font_size":0,"ocean_menu_typo_font_size_tablet":0,"ocean_menu_typo_font_size_mobile":0,"ocean_menu_typo_font_size_unit":"px","ocean_menu_typo_font_weight":"","ocean_menu_typo_font_weight_tablet":"","ocean_menu_typo_font_weight_mobile":"","ocean_menu_typo_transform":"","ocean_menu_typo_transform_tablet":"","ocean_menu_typo_transform_mobile":"","ocean_menu_typo_line_height":0,"ocean_menu_typo_line_height_tablet":0,"ocean_menu_typo_line_height_mobile":0,"ocean_menu_typo_line_height_unit":"","ocean_menu_typo_spacing":0,"ocean_menu_typo_spacing_tablet":0,"ocean_menu_typo_spacing_mobile":0,"ocean_menu_typo_spacing_unit":"","ocean_menu_link_color":"","ocean_menu_link_color_hover":"","ocean_menu_link_color_active":"","ocean_menu_link_background":"","ocean_menu_link_hover_background":"","ocean_menu_link_active_background":"","ocean_menu_social_links_bg":"","ocean_menu_social_hover_links_bg":"","ocean_menu_social_links_color":"","ocean_menu_social_hover_links_color":"","ocean_disable_title":"on","ocean_disable_heading":"default","ocean_post_title":"","ocean_post_subheading":"","ocean_post_title_style":"","ocean_post_title_background_color":"","ocean_post_title_background":0,"ocean_post_title_bg_image_position":"","ocean_post_title_bg_image_attachment":"","ocean_post_title_bg_image_repeat":"","ocean_post_title_bg_image_size":"","ocean_post_title_height":0,"ocean_post_title_bg_overlay":0.5,"ocean_post_title_bg_overlay_color":"","ocean_disable_breadcrumbs":"default","ocean_breadcrumbs_color":"","ocean_breadcrumbs_separator_color":"","ocean_breadcrumbs_links_color":"","ocean_breadcrumbs_links_hover_color":"","ocean_display_footer_widgets":"default","ocean_display_footer_bottom":"default","ocean_custom_footer_template":"0","footnotes":""},"class_list":["post-31","page","type-page","status-publish","hentry","entry"],"translation":{"provider":"WPGlobus","version":"3.0.2","language":"de","enabled_languages":["gb","de"],"languages":{"gb":{"title":true,"content":true,"excerpt":false},"de":{"title":true,"content":true,"excerpt":false}}},"yoast_head":"<!-- This site is optimized with the Yoast SEO plugin v27.3 - https:\/\/yoast.com\/product\/yoast-seo-wordpress\/ -->\n<title>Dorada&amp;Vera - doradavera<\/title>\n<meta name=\"description\" content=\"Pers\u00f6nlicher Schmuck. Ohrringe, Ringe, Ketten und Armb\u00e4nder aus verschiedensten Materialien Techniken wie Upcycling, Perlen, Drahtkunst, Kunstharz und Emaille.\" \/>\n<meta name=\"robots\" content=\"index, follow, max-snippet:-1, max-image-preview:large, max-video-preview:-1\" \/>\n<link rel=\"canonical\" href=\"https:\/\/doradavera.de\/ueber-mich-und-schmuck\/\" \/>\n<meta property=\"og:locale\" content=\"de_DE\" \/>\n<meta property=\"og:type\" content=\"article\" \/>\n<meta property=\"og:title\" content=\"Dorada&amp;Vera - doradavera\" \/>\n<meta property=\"og:description\" content=\"Pers\u00f6nlicher Schmuck. Ohrringe, Ringe, Ketten und Armb\u00e4nder aus verschiedensten Materialien Techniken wie Upcycling, Perlen, Drahtkunst, Kunstharz und Emaille.\" \/>\n<meta property=\"og:url\" content=\"https:\/\/doradavera.de\/ueber-mich-und-schmuck\/\" \/>\n<meta property=\"og:site_name\" content=\"doradavera\" \/>\n<meta property=\"article:modified_time\" content=\"2024-07-10T13:40:41+00:00\" \/>\n<meta property=\"og:image\" content=\"https:\/\/doradavera.de\/wp-content\/uploads\/2021\/03\/IMG_20201008_170632_362.jpg\" \/>\n<meta name=\"twitter:card\" content=\"summary_large_image\" \/>\n<meta name=\"twitter:label1\" content=\"Gesch\u00e4tzte Lesezeit\" \/>\n\t<meta name=\"twitter:data1\" content=\"4\u00a0Minuten\" \/>\n<script type=\"application\/ld+json\" class=\"yoast-schema-graph\">{\"@context\":\"https:\\\/\\\/schema.org\",\"@graph\":[{\"@type\":\"WebPage\",\"@id\":\"https:\\\/\\\/doradavera.de\\\/ueber-mich-und-schmuck\\\/\",\"url\":\"https:\\\/\\\/doradavera.de\\\/ueber-mich-und-schmuck\\\/\",\"name\":\"Dorada&Vera - doradavera\",\"isPartOf\":{\"@id\":\"https:\\\/\\\/doradavera.de\\\/#website\"},\"primaryImageOfPage\":{\"@id\":\"https:\\\/\\\/doradavera.de\\\/ueber-mich-und-schmuck\\\/#primaryimage\"},\"image\":{\"@id\":\"https:\\\/\\\/doradavera.de\\\/ueber-mich-und-schmuck\\\/#primaryimage\"},\"thumbnailUrl\":\"https:\\\/\\\/doradavera.de\\\/wp-content\\\/uploads\\\/2021\\\/03\\\/IMG_20201008_170632_362.jpg\",\"datePublished\":\"2021-03-24T10:50:44+00:00\",\"dateModified\":\"2024-07-10T13:40:41+00:00\",\"description\":\"Pers\u00f6nlicher Schmuck. Ohrringe, Ringe, Ketten und Armb\u00e4nder aus verschiedensten Materialien Techniken wie Upcycling, Perlen, Drahtkunst, Kunstharz und Emaille.\",\"breadcrumb\":{\"@id\":\"https:\\\/\\\/doradavera.de\\\/ueber-mich-und-schmuck\\\/#breadcrumb\"},\"inLanguage\":\"de\",\"potentialAction\":[{\"@type\":\"ReadAction\",\"target\":[\"https:\\\/\\\/doradavera.de\\\/ueber-mich-und-schmuck\\\/\"]}]},{\"@type\":\"ImageObject\",\"inLanguage\":\"de\",\"@id\":\"https:\\\/\\\/doradavera.de\\\/ueber-mich-und-schmuck\\\/#primaryimage\",\"url\":\"https:\\\/\\\/doradavera.de\\\/wp-content\\\/uploads\\\/2021\\\/03\\\/IMG_20201008_170632_362.jpg\",\"contentUrl\":\"https:\\\/\\\/doradavera.de\\\/wp-content\\\/uploads\\\/2021\\\/03\\\/IMG_20201008_170632_362.jpg\"},{\"@type\":\"BreadcrumbList\",\"@id\":\"https:\\\/\\\/doradavera.de\\\/ueber-mich-und-schmuck\\\/#breadcrumb\",\"itemListElement\":[{\"@type\":\"ListItem\",\"position\":1,\"name\":\"Startseite\",\"item\":\"https:\\\/\\\/doradavera.de\\\/\"},{\"@type\":\"ListItem\",\"position\":2,\"name\":\"Dorada&#038;Vera\"}]},{\"@type\":\"WebSite\",\"@id\":\"https:\\\/\\\/doradavera.de\\\/#website\",\"url\":\"https:\\\/\\\/doradavera.de\\\/\",\"name\":\"{:de}schmuckdoradavera{:}{:gb}jewellerydoradavera{:}{:es}joyer\u00edadoradavera{:}\",\"description\":\"handgemachter Schmuck, Ohrringe, Ketten, Ringe aus Emaille, Upcycling, Perlen, Draht und mehr\",\"publisher\":{\"@id\":\"https:\\\/\\\/doradavera.de\\\/#\\\/schema\\\/person\\\/ab45ae0eb14121b6dc5f3364aba3c913\"},\"alternateName\":\"{:de}schmuckdoradavera{:}{:gb}jewellerydoradavera{:}{:es}joyer\u00edadoradavera{:}\",\"potentialAction\":[{\"@type\":\"SearchAction\",\"target\":{\"@type\":\"EntryPoint\",\"urlTemplate\":\"https:\\\/\\\/doradavera.de\\\/?s={search_term_string}\"},\"query-input\":{\"@type\":\"PropertyValueSpecification\",\"valueRequired\":true,\"valueName\":\"search_term_string\"}}],\"inLanguage\":\"de\"},{\"@type\":[\"Person\",\"Organization\"],\"@id\":\"https:\\\/\\\/doradavera.de\\\/#\\\/schema\\\/person\\\/ab45ae0eb14121b6dc5f3364aba3c913\",\"name\":\"doradavera\",\"image\":{\"@type\":\"ImageObject\",\"inLanguage\":\"de\",\"@id\":\"https:\\\/\\\/doradavera.de\\\/wp-content\\\/uploads\\\/2021\\\/04\\\/IMG-20201003-WA0025-2.jpg\",\"url\":\"https:\\\/\\\/doradavera.de\\\/wp-content\\\/uploads\\\/2021\\\/04\\\/IMG-20201003-WA0025-2.jpg\",\"contentUrl\":\"https:\\\/\\\/doradavera.de\\\/wp-content\\\/uploads\\\/2021\\\/04\\\/IMG-20201003-WA0025-2.jpg\",\"width\":973,\"height\":973,\"caption\":\"doradavera\"},\"logo\":{\"@id\":\"https:\\\/\\\/doradavera.de\\\/wp-content\\\/uploads\\\/2021\\\/04\\\/IMG-20201003-WA0025-2.jpg\"},\"description\":\"Schmuckdesignerin seit ich 9 Jahre alt bin. Learning by Doing von Upcycling, Emaille, Drahtkunst, Perlenschmuck und mehr. Vermitteln von Workshops zu Schmuck aus M\u00fcll\",\"sameAs\":[\"https:\\\/\\\/doradavera.de\",\"https:\\\/\\\/www.instagram.com\\\/dorada.vera\\\/?hl=de\",\"https:\\\/\\\/www.linkedin.com\\\/in\\\/dorada-vera-15b92230a\\\/?originalSubdomain=de\"]}]}<\/script>\n<!-- \/ Yoast SEO plugin. -->","yoast_head_json":{"title":"Dorada&Vera - doradavera","description":"Pers\u00f6nlicher Schmuck. Ohrringe, Ringe, Ketten und Armb\u00e4nder aus verschiedensten Materialien Techniken wie Upcycling, Perlen, Drahtkunst, Kunstharz und Emaille.","robots":{"index":"index","follow":"follow","max-snippet":"max-snippet:-1","max-image-preview":"max-image-preview:large","max-video-preview":"max-video-preview:-1"},"canonical":"https:\/\/doradavera.de\/ueber-mich-und-schmuck\/","og_locale":"de_DE","og_type":"article","og_title":"Dorada&Vera - doradavera","og_description":"Pers\u00f6nlicher Schmuck. Ohrringe, Ringe, Ketten und Armb\u00e4nder aus verschiedensten Materialien Techniken wie Upcycling, Perlen, Drahtkunst, Kunstharz und Emaille.","og_url":"https:\/\/doradavera.de\/ueber-mich-und-schmuck\/","og_site_name":"doradavera","article_modified_time":"2024-07-10T13:40:41+00:00","og_image":[{"url":"https:\/\/doradavera.de\/wp-content\/uploads\/2021\/03\/IMG_20201008_170632_362.jpg","type":"","width":"","height":""}],"twitter_card":"summary_large_image","twitter_misc":{"Gesch\u00e4tzte Lesezeit":"4\u00a0Minuten"},"schema":{"@context":"https:\/\/schema.org","@graph":[{"@type":"WebPage","@id":"https:\/\/doradavera.de\/ueber-mich-und-schmuck\/","url":"https:\/\/doradavera.de\/ueber-mich-und-schmuck\/","name":"Dorada&Vera - doradavera","isPartOf":{"@id":"https:\/\/doradavera.de\/#website"},"primaryImageOfPage":{"@id":"https:\/\/doradavera.de\/ueber-mich-und-schmuck\/#primaryimage"},"image":{"@id":"https:\/\/doradavera.de\/ueber-mich-und-schmuck\/#primaryimage"},"thumbnailUrl":"https:\/\/doradavera.de\/wp-content\/uploads\/2021\/03\/IMG_20201008_170632_362.jpg","datePublished":"2021-03-24T10:50:44+00:00","dateModified":"2024-07-10T13:40:41+00:00","description":"Pers\u00f6nlicher Schmuck. Ohrringe, Ringe, Ketten und Armb\u00e4nder aus verschiedensten Materialien Techniken wie Upcycling, Perlen, Drahtkunst, Kunstharz und Emaille.","breadcrumb":{"@id":"https:\/\/doradavera.de\/ueber-mich-und-schmuck\/#breadcrumb"},"inLanguage":"de","potentialAction":[{"@type":"ReadAction","target":["https:\/\/doradavera.de\/ueber-mich-und-schmuck\/"]}]},{"@type":"ImageObject","inLanguage":"de","@id":"https:\/\/doradavera.de\/ueber-mich-und-schmuck\/#primaryimage","url":"https:\/\/doradavera.de\/wp-content\/uploads\/2021\/03\/IMG_20201008_170632_362.jpg","contentUrl":"https:\/\/doradavera.de\/wp-content\/uploads\/2021\/03\/IMG_20201008_170632_362.jpg"},{"@type":"BreadcrumbList","@id":"https:\/\/doradavera.de\/ueber-mich-und-schmuck\/#breadcrumb","itemListElement":[{"@type":"ListItem","position":1,"name":"Startseite","item":"https:\/\/doradavera.de\/"},{"@type":"ListItem","position":2,"name":"Dorada&#038;Vera"}]},{"@type":"WebSite","@id":"https:\/\/doradavera.de\/#website","url":"https:\/\/doradavera.de\/","name":"{:de}schmuckdoradavera{:}{:gb}jewellerydoradavera{:}{:es}joyer\u00edadoradavera{:}","description":"handgemachter Schmuck, Ohrringe, Ketten, Ringe aus Emaille, Upcycling, Perlen, Draht und mehr","publisher":{"@id":"https:\/\/doradavera.de\/#\/schema\/person\/ab45ae0eb14121b6dc5f3364aba3c913"},"alternateName":"{:de}schmuckdoradavera{:}{:gb}jewellerydoradavera{:}{:es}joyer\u00edadoradavera{:}","potentialAction":[{"@type":"SearchAction","target":{"@type":"EntryPoint","urlTemplate":"https:\/\/doradavera.de\/?s={search_term_string}"},"query-input":{"@type":"PropertyValueSpecification","valueRequired":true,"valueName":"search_term_string"}}],"inLanguage":"de"},{"@type":["Person","Organization"],"@id":"https:\/\/doradavera.de\/#\/schema\/person\/ab45ae0eb14121b6dc5f3364aba3c913","name":"doradavera","image":{"@type":"ImageObject","inLanguage":"de","@id":"https:\/\/doradavera.de\/wp-content\/uploads\/2021\/04\/IMG-20201003-WA0025-2.jpg","url":"https:\/\/doradavera.de\/wp-content\/uploads\/2021\/04\/IMG-20201003-WA0025-2.jpg","contentUrl":"https:\/\/doradavera.de\/wp-content\/uploads\/2021\/04\/IMG-20201003-WA0025-2.jpg","width":973,"height":973,"caption":"doradavera"},"logo":{"@id":"https:\/\/doradavera.de\/wp-content\/uploads\/2021\/04\/IMG-20201003-WA0025-2.jpg"},"description":"Schmuckdesignerin seit ich 9 Jahre alt bin. Learning by Doing von Upcycling, Emaille, Drahtkunst, Perlenschmuck und mehr. Vermitteln von Workshops zu Schmuck aus M\u00fcll","sameAs":["https:\/\/doradavera.de","https:\/\/www.instagram.com\/dorada.vera\/?hl=de","https:\/\/www.linkedin.com\/in\/dorada-vera-15b92230a\/?originalSubdomain=de"]}]}},"jetpack_sharing_enabled":true,"_links":{"self":[{"href":"https:\/\/doradavera.de\/de\/wp-json\/wp\/v2\/pages\/31","targetHints":{"allow":["GET"]}}],"collection":[{"href":"https:\/\/doradavera.de\/de\/wp-json\/wp\/v2\/pages"}],"about":[{"href":"https:\/\/doradavera.de\/de\/wp-json\/wp\/v2\/types\/page"}],"author":[{"embeddable":true,"href":"https:\/\/doradavera.de\/de\/wp-json\/wp\/v2\/users\/1"}],"replies":[{"embeddable":true,"href":"https:\/\/doradavera.de\/de\/wp-json\/wp\/v2\/comments?post=31"}],"version-history":[{"count":3,"href":"https:\/\/doradavera.de\/de\/wp-json\/wp\/v2\/pages\/31\/revisions"}],"predecessor-version":[{"id":6463,"href":"https:\/\/doradavera.de\/de\/wp-json\/wp\/v2\/pages\/31\/revisions\/6463"}],"wp:attachment":[{"href":"https:\/\/doradavera.de\/de\/wp-json\/wp\/v2\/media?parent=31"}],"curies":[{"name":"wp","href":"https:\/\/api.w.org\/{rel}","templated":true}]}}